{"id":118,"date":"2023-06-09T02:28:06","date_gmt":"2023-06-09T02:28:06","guid":{"rendered":"https:\/\/stg-absolute.jtxweb.net\/?post_type=product&#038;p=118"},"modified":"2026-02-18T16:09:22","modified_gmt":"2026-02-18T05:09:22","slug":"resume-writing","status":"publish","type":"product","link":"https:\/\/stg-absolute.jtxweb.net\/es\/producto\/resume-writing\/","title":{"rendered":"Escritura de t\u00fa CV"},"content":{"rendered":"","protected":false},"excerpt":{"rendered":"<p>Recibir\u00e1s un curr\u00edculum funcional que se centra en mostrar tus habilidades y cualificaciones relevantes en funci\u00f3n de un trabajo espec\u00edfico. Tendr\u00e1s la oportunidad de revisar y solicitar cualquier cambio antes de enviarlo a un gerente de contrataci\u00f3n. Obtendr\u00e1s un curr\u00edculo professional (hoja de vida), al estilo australiano en una plantilla de acuerdo a la industria relevante.<\/p>\n<p>* Tenga en cuenta que el impuesto GST solo se cobrar\u00e1 a las compras hechas en Australia.<\/p>","protected":false},"featured_media":509,"template":"","meta":[],"product_brand":[],"product_cat":[20],"product_tag":[],"class_list":{"0":"post-118","1":"product","2":"type-product","3":"status-publish","4":"has-post-thumbnail","6":"product_cat-career-coaching","8":"first","9":"instock","10":"taxable","11":"shipping-taxable","12":"purchasable","13":"product-type-simple"},"yoast_head":"<!-- This site is optimized with the Yoast SEO plugin v27.0 - https:\/\/yoast.com\/product\/yoast-seo-wordpress\/ -->\n<title>Resume Writing\u200b - Absolute Career Coaching<\/title>\n<meta name=\"robots\" content=\"index, follow, max-snippet:-1, max-image-preview:large, max-video-preview:-1\" \/>\n<link rel=\"canonical\" href=\"https:\/\/stg-absolute.jtxweb.net\/es\/producto\/resume-writing\/\" \/>\n<meta property=\"og:locale\" content=\"es_ES\" \/>\n<meta property=\"og:type\" content=\"article\" \/>\n<meta property=\"og:title\" content=\"Resume Writing\u200b - Absolute Career Coaching\" \/>\n<meta property=\"og:description\" content=\"You will receive a functional resume that focuses on showcasing your relevant skills and qualifications based on a specific job. It\u2019s important to highlight relevant skills and qualifications based on the job you\u2019re interested in applying to. You\u2019ll have the opportunity to review and request any changes, before sending to a hiring manager. You\u2019ll get a professional Australian-style curriculum vitae (CV) on a template according to your relevant industry.  * Note that GST tax will only be charged to purchases from Australia.\" \/>\n<meta property=\"og:url\" content=\"https:\/\/stg-absolute.jtxweb.net\/es\/producto\/resume-writing\/\" \/>\n<meta property=\"og:site_name\" content=\"Absolute Career Coaching\" \/>\n<meta property=\"article:modified_time\" content=\"2026-02-18T05:09:22+00:00\" \/>\n<meta property=\"og:image\" content=\"https:\/\/stg-absolute.jtxweb.net\/wp-content\/uploads\/2023\/06\/cv2.jpg\" \/>\n\t<meta property=\"og:image:width\" content=\"1380\" \/>\n\t<meta property=\"og:image:height\" content=\"953\" \/>\n\t<meta property=\"og:image:type\" content=\"image\/jpeg\" \/>\n<meta name=\"twitter:card\" content=\"summary_large_image\" \/>\n<script type=\"application\/ld+json\" class=\"yoast-schema-graph\">{\"@context\":\"https:\/\/schema.org\",\"@graph\":[{\"@type\":\"WebPage\",\"@id\":\"https:\/\/stg-absolute.jtxweb.net\/product\/resume-writing\/\",\"url\":\"https:\/\/stg-absolute.jtxweb.net\/product\/resume-writing\/\",\"name\":\"Resume Writing\u200b - Absolute Career Coaching\",\"isPartOf\":{\"@id\":\"https:\/\/stg-absolute.jtxweb.net\/#website\"},\"primaryImageOfPage\":{\"@id\":\"https:\/\/stg-absolute.jtxweb.net\/product\/resume-writing\/#primaryimage\"},\"image\":{\"@id\":\"https:\/\/stg-absolute.jtxweb.net\/product\/resume-writing\/#primaryimage\"},\"thumbnailUrl\":\"https:\/\/stg-absolute.jtxweb.net\/wp-content\/uploads\/2023\/06\/cv2.jpg\",\"datePublished\":\"2023-06-09T02:28:06+00:00\",\"dateModified\":\"2026-02-18T05:09:22+00:00\",\"breadcrumb\":{\"@id\":\"https:\/\/stg-absolute.jtxweb.net\/product\/resume-writing\/#breadcrumb\"},\"inLanguage\":\"es\",\"potentialAction\":[{\"@type\":\"ReadAction\",\"target\":[\"https:\/\/stg-absolute.jtxweb.net\/product\/resume-writing\/\"]}]},{\"@type\":\"ImageObject\",\"inLanguage\":\"es\",\"@id\":\"https:\/\/stg-absolute.jtxweb.net\/product\/resume-writing\/#primaryimage\",\"url\":\"https:\/\/stg-absolute.jtxweb.net\/wp-content\/uploads\/2023\/06\/cv2.jpg\",\"contentUrl\":\"https:\/\/stg-absolute.jtxweb.net\/wp-content\/uploads\/2023\/06\/cv2.jpg\",\"width\":1380,\"height\":953},{\"@type\":\"BreadcrumbList\",\"@id\":\"https:\/\/stg-absolute.jtxweb.net\/product\/resume-writing\/#breadcrumb\",\"itemListElement\":[{\"@type\":\"ListItem\",\"position\":1,\"name\":\"Home\",\"item\":\"https:\/\/stg-absolute.jtxweb.net\/\"},{\"@type\":\"ListItem\",\"position\":2,\"name\":\"Shop\",\"item\":\"https:\/\/stg-absolute.jtxweb.net\/shop\/\"},{\"@type\":\"ListItem\",\"position\":3,\"name\":\"Resume Writing\u200b\"}]},{\"@type\":\"WebSite\",\"@id\":\"https:\/\/stg-absolute.jtxweb.net\/#website\",\"url\":\"https:\/\/stg-absolute.jtxweb.net\/\",\"name\":\"Absolute Career Coaching\",\"description\":\"Take your career to the next level!\",\"potentialAction\":[{\"@type\":\"SearchAction\",\"target\":{\"@type\":\"EntryPoint\",\"urlTemplate\":\"https:\/\/stg-absolute.jtxweb.net\/?s={search_term_string}\"},\"query-input\":{\"@type\":\"PropertyValueSpecification\",\"valueRequired\":true,\"valueName\":\"search_term_string\"}}],\"inLanguage\":\"es\"}]}<\/script>\n<!-- \/ Yoast SEO plugin. -->","yoast_head_json":{"title":"Resume Writing\u200b - Absolute Career Coaching","robots":{"index":"index","follow":"follow","max-snippet":"max-snippet:-1","max-image-preview":"max-image-preview:large","max-video-preview":"max-video-preview:-1"},"canonical":"https:\/\/stg-absolute.jtxweb.net\/es\/producto\/resume-writing\/","og_locale":"es_ES","og_type":"article","og_title":"Resume Writing\u200b - Absolute Career Coaching","og_description":"You will receive a functional resume that focuses on showcasing your relevant skills and qualifications based on a specific job. It\u2019s important to highlight relevant skills and qualifications based on the job you\u2019re interested in applying to. You\u2019ll have the opportunity to review and request any changes, before sending to a hiring manager. You\u2019ll get a professional Australian-style curriculum vitae (CV) on a template according to your relevant industry.  * Note that GST tax will only be charged to purchases from Australia.","og_url":"https:\/\/stg-absolute.jtxweb.net\/es\/producto\/resume-writing\/","og_site_name":"Absolute Career Coaching","article_modified_time":"2026-02-18T05:09:22+00:00","og_image":[{"width":1380,"height":953,"url":"https:\/\/stg-absolute.jtxweb.net\/wp-content\/uploads\/2023\/06\/cv2.jpg","type":"image\/jpeg"}],"twitter_card":"summary_large_image","schema":{"@context":"https:\/\/schema.org","@graph":[{"@type":"WebPage","@id":"https:\/\/stg-absolute.jtxweb.net\/product\/resume-writing\/","url":"https:\/\/stg-absolute.jtxweb.net\/product\/resume-writing\/","name":"Resume Writing\u200b - Absolute Career Coaching","isPartOf":{"@id":"https:\/\/stg-absolute.jtxweb.net\/#website"},"primaryImageOfPage":{"@id":"https:\/\/stg-absolute.jtxweb.net\/product\/resume-writing\/#primaryimage"},"image":{"@id":"https:\/\/stg-absolute.jtxweb.net\/product\/resume-writing\/#primaryimage"},"thumbnailUrl":"https:\/\/stg-absolute.jtxweb.net\/wp-content\/uploads\/2023\/06\/cv2.jpg","datePublished":"2023-06-09T02:28:06+00:00","dateModified":"2026-02-18T05:09:22+00:00","breadcrumb":{"@id":"https:\/\/stg-absolute.jtxweb.net\/product\/resume-writing\/#breadcrumb"},"inLanguage":"es","potentialAction":[{"@type":"ReadAction","target":["https:\/\/stg-absolute.jtxweb.net\/product\/resume-writing\/"]}]},{"@type":"ImageObject","inLanguage":"es","@id":"https:\/\/stg-absolute.jtxweb.net\/product\/resume-writing\/#primaryimage","url":"https:\/\/stg-absolute.jtxweb.net\/wp-content\/uploads\/2023\/06\/cv2.jpg","contentUrl":"https:\/\/stg-absolute.jtxweb.net\/wp-content\/uploads\/2023\/06\/cv2.jpg","width":1380,"height":953},{"@type":"BreadcrumbList","@id":"https:\/\/stg-absolute.jtxweb.net\/product\/resume-writing\/#breadcrumb","itemListElement":[{"@type":"ListItem","position":1,"name":"Home","item":"https:\/\/stg-absolute.jtxweb.net\/"},{"@type":"ListItem","position":2,"name":"Shop","item":"https:\/\/stg-absolute.jtxweb.net\/shop\/"},{"@type":"ListItem","position":3,"name":"Resume Writing\u200b"}]},{"@type":"WebSite","@id":"https:\/\/stg-absolute.jtxweb.net\/#website","url":"https:\/\/stg-absolute.jtxweb.net\/","name":"Absolute Career Coaching","description":"Take your career to the next level!","potentialAction":[{"@type":"SearchAction","target":{"@type":"EntryPoint","urlTemplate":"https:\/\/stg-absolute.jtxweb.net\/?s={search_term_string}"},"query-input":{"@type":"PropertyValueSpecification","valueRequired":true,"valueName":"search_term_string"}}],"inLanguage":"es"}]}},"_links":{"self":[{"href":"https:\/\/stg-absolute.jtxweb.net\/es\/wp-json\/wp\/v2\/product\/118","targetHints":{"allow":["GET"]}}],"collection":[{"href":"https:\/\/stg-absolute.jtxweb.net\/es\/wp-json\/wp\/v2\/product"}],"about":[{"href":"https:\/\/stg-absolute.jtxweb.net\/es\/wp-json\/wp\/v2\/types\/product"}],"wp:featuredmedia":[{"embeddable":true,"href":"https:\/\/stg-absolute.jtxweb.net\/es\/wp-json\/wp\/v2\/media\/509"}],"wp:attachment":[{"href":"https:\/\/stg-absolute.jtxweb.net\/es\/wp-json\/wp\/v2\/media?parent=118"}],"wp:term":[{"taxonomy":"product_brand","embeddable":true,"href":"https:\/\/stg-absolute.jtxweb.net\/es\/wp-json\/wp\/v2\/product_brand?post=118"},{"taxonomy":"product_cat","embeddable":true,"href":"https:\/\/stg-absolute.jtxweb.net\/es\/wp-json\/wp\/v2\/product_cat?post=118"},{"taxonomy":"product_tag","embeddable":true,"href":"https:\/\/stg-absolute.jtxweb.net\/es\/wp-json\/wp\/v2\/product_tag?post=118"}],"curies":[{"name":"wp","href":"https:\/\/api.w.org\/{rel}","templated":true}]}}