{"id":119,"date":"2023-06-09T02:28:06","date_gmt":"2023-06-09T02:28:06","guid":{"rendered":"https:\/\/stg-absolute.jtxweb.net\/?post_type=product&#038;p=119"},"modified":"2026-02-18T16:09:22","modified_gmt":"2026-02-18T05:09:22","slug":"cover-letter-writing","status":"publish","type":"product","link":"https:\/\/stg-absolute.jtxweb.net\/es\/producto\/cover-letter-writing\/","title":{"rendered":"Escritura de carta de presentaci\u00f3n"},"content":{"rendered":"","protected":false},"excerpt":{"rendered":"<p>Tu carta de presentaci\u00f3n es tu oportunidad de demostrar lo que sabes hacer, as\u00ed como lo que ya has logrado en trabajos anteriores. Este servicio te permitir\u00e1 demostrar que eres un candidato serio, a destacarte creativamente ademas agregarar\u00e1 contenido a tu CV y le dir\u00e1 a un gerente de contrataci\u00f3n <em><strong>qui\u00e9n<\/strong><\/em> eres.<\/p>\n<p>* Tenga en cuenta que el impuesto GST solo se cobrar\u00e1 a las compras hechas en Australia.<\/p>","protected":false},"featured_media":511,"template":"","meta":[],"product_brand":[],"product_cat":[20],"product_tag":[],"class_list":{"0":"post-119","1":"product","2":"type-product","3":"status-publish","4":"has-post-thumbnail","6":"product_cat-career-coaching","8":"first","9":"instock","10":"taxable","11":"shipping-taxable","12":"purchasable","13":"product-type-simple"},"yoast_head":"<!-- This site is optimized with the Yoast SEO plugin v27.0 - https:\/\/yoast.com\/product\/yoast-seo-wordpress\/ -->\n<title>Cover Letter Writing - Absolute Career Coaching<\/title>\n<meta name=\"robots\" content=\"index, follow, max-snippet:-1, max-image-preview:large, max-video-preview:-1\" \/>\n<link rel=\"canonical\" href=\"https:\/\/stg-absolute.jtxweb.net\/es\/producto\/cover-letter-writing\/\" \/>\n<meta property=\"og:locale\" content=\"es_ES\" \/>\n<meta property=\"og:type\" content=\"article\" \/>\n<meta property=\"og:title\" content=\"Cover Letter Writing - Absolute Career Coaching\" \/>\n<meta property=\"og:description\" content=\"Your cover letter is your chance to show what you can do\u2014as well as what you have already achieved in previous jobs. This service will allow you to show that you\u2019re a serious candidate, to creatively stand out + add content to your CV and will tell a hiring manager who you are.  * Note that GST tax will only be charged to purchases from Australia.\" \/>\n<meta property=\"og:url\" content=\"https:\/\/stg-absolute.jtxweb.net\/es\/producto\/cover-letter-writing\/\" \/>\n<meta property=\"og:site_name\" content=\"Absolute Career Coaching\" \/>\n<meta property=\"article:modified_time\" content=\"2026-02-18T05:09:22+00:00\" \/>\n<meta property=\"og:image\" content=\"https:\/\/stg-absolute.jtxweb.net\/wp-content\/uploads\/2023\/06\/cover-letter-2.jpg\" \/>\n\t<meta property=\"og:image:width\" content=\"1380\" \/>\n\t<meta property=\"og:image:height\" content=\"920\" \/>\n\t<meta property=\"og:image:type\" content=\"image\/jpeg\" \/>\n<meta name=\"twitter:card\" content=\"summary_large_image\" \/>\n<script type=\"application\/ld+json\" class=\"yoast-schema-graph\">{\"@context\":\"https:\/\/schema.org\",\"@graph\":[{\"@type\":\"WebPage\",\"@id\":\"https:\/\/stg-absolute.jtxweb.net\/product\/cover-letter-writing\/\",\"url\":\"https:\/\/stg-absolute.jtxweb.net\/product\/cover-letter-writing\/\",\"name\":\"Cover Letter Writing - Absolute Career Coaching\",\"isPartOf\":{\"@id\":\"https:\/\/stg-absolute.jtxweb.net\/#website\"},\"primaryImageOfPage\":{\"@id\":\"https:\/\/stg-absolute.jtxweb.net\/product\/cover-letter-writing\/#primaryimage\"},\"image\":{\"@id\":\"https:\/\/stg-absolute.jtxweb.net\/product\/cover-letter-writing\/#primaryimage\"},\"thumbnailUrl\":\"https:\/\/stg-absolute.jtxweb.net\/wp-content\/uploads\/2023\/06\/cover-letter-2.jpg\",\"datePublished\":\"2023-06-09T02:28:06+00:00\",\"dateModified\":\"2026-02-18T05:09:22+00:00\",\"breadcrumb\":{\"@id\":\"https:\/\/stg-absolute.jtxweb.net\/product\/cover-letter-writing\/#breadcrumb\"},\"inLanguage\":\"es\",\"potentialAction\":[{\"@type\":\"ReadAction\",\"target\":[\"https:\/\/stg-absolute.jtxweb.net\/product\/cover-letter-writing\/\"]}]},{\"@type\":\"ImageObject\",\"inLanguage\":\"es\",\"@id\":\"https:\/\/stg-absolute.jtxweb.net\/product\/cover-letter-writing\/#primaryimage\",\"url\":\"https:\/\/stg-absolute.jtxweb.net\/wp-content\/uploads\/2023\/06\/cover-letter-2.jpg\",\"contentUrl\":\"https:\/\/stg-absolute.jtxweb.net\/wp-content\/uploads\/2023\/06\/cover-letter-2.jpg\",\"width\":1380,\"height\":920},{\"@type\":\"BreadcrumbList\",\"@id\":\"https:\/\/stg-absolute.jtxweb.net\/product\/cover-letter-writing\/#breadcrumb\",\"itemListElement\":[{\"@type\":\"ListItem\",\"position\":1,\"name\":\"Home\",\"item\":\"https:\/\/stg-absolute.jtxweb.net\/\"},{\"@type\":\"ListItem\",\"position\":2,\"name\":\"Shop\",\"item\":\"https:\/\/stg-absolute.jtxweb.net\/shop\/\"},{\"@type\":\"ListItem\",\"position\":3,\"name\":\"Cover Letter Writing\"}]},{\"@type\":\"WebSite\",\"@id\":\"https:\/\/stg-absolute.jtxweb.net\/#website\",\"url\":\"https:\/\/stg-absolute.jtxweb.net\/\",\"name\":\"Absolute Career Coaching\",\"description\":\"Take your career to the next level!\",\"potentialAction\":[{\"@type\":\"SearchAction\",\"target\":{\"@type\":\"EntryPoint\",\"urlTemplate\":\"https:\/\/stg-absolute.jtxweb.net\/?s={search_term_string}\"},\"query-input\":{\"@type\":\"PropertyValueSpecification\",\"valueRequired\":true,\"valueName\":\"search_term_string\"}}],\"inLanguage\":\"es\"}]}<\/script>\n<!-- \/ Yoast SEO plugin. -->","yoast_head_json":{"title":"Cover Letter Writing - Absolute Career Coaching","robots":{"index":"index","follow":"follow","max-snippet":"max-snippet:-1","max-image-preview":"max-image-preview:large","max-video-preview":"max-video-preview:-1"},"canonical":"https:\/\/stg-absolute.jtxweb.net\/es\/producto\/cover-letter-writing\/","og_locale":"es_ES","og_type":"article","og_title":"Cover Letter Writing - Absolute Career Coaching","og_description":"Your cover letter is your chance to show what you can do\u2014as well as what you have already achieved in previous jobs. This service will allow you to show that you\u2019re a serious candidate, to creatively stand out + add content to your CV and will tell a hiring manager who you are.  * Note that GST tax will only be charged to purchases from Australia.","og_url":"https:\/\/stg-absolute.jtxweb.net\/es\/producto\/cover-letter-writing\/","og_site_name":"Absolute Career Coaching","article_modified_time":"2026-02-18T05:09:22+00:00","og_image":[{"width":1380,"height":920,"url":"https:\/\/stg-absolute.jtxweb.net\/wp-content\/uploads\/2023\/06\/cover-letter-2.jpg","type":"image\/jpeg"}],"twitter_card":"summary_large_image","schema":{"@context":"https:\/\/schema.org","@graph":[{"@type":"WebPage","@id":"https:\/\/stg-absolute.jtxweb.net\/product\/cover-letter-writing\/","url":"https:\/\/stg-absolute.jtxweb.net\/product\/cover-letter-writing\/","name":"Cover Letter Writing - Absolute Career Coaching","isPartOf":{"@id":"https:\/\/stg-absolute.jtxweb.net\/#website"},"primaryImageOfPage":{"@id":"https:\/\/stg-absolute.jtxweb.net\/product\/cover-letter-writing\/#primaryimage"},"image":{"@id":"https:\/\/stg-absolute.jtxweb.net\/product\/cover-letter-writing\/#primaryimage"},"thumbnailUrl":"https:\/\/stg-absolute.jtxweb.net\/wp-content\/uploads\/2023\/06\/cover-letter-2.jpg","datePublished":"2023-06-09T02:28:06+00:00","dateModified":"2026-02-18T05:09:22+00:00","breadcrumb":{"@id":"https:\/\/stg-absolute.jtxweb.net\/product\/cover-letter-writing\/#breadcrumb"},"inLanguage":"es","potentialAction":[{"@type":"ReadAction","target":["https:\/\/stg-absolute.jtxweb.net\/product\/cover-letter-writing\/"]}]},{"@type":"ImageObject","inLanguage":"es","@id":"https:\/\/stg-absolute.jtxweb.net\/product\/cover-letter-writing\/#primaryimage","url":"https:\/\/stg-absolute.jtxweb.net\/wp-content\/uploads\/2023\/06\/cover-letter-2.jpg","contentUrl":"https:\/\/stg-absolute.jtxweb.net\/wp-content\/uploads\/2023\/06\/cover-letter-2.jpg","width":1380,"height":920},{"@type":"BreadcrumbList","@id":"https:\/\/stg-absolute.jtxweb.net\/product\/cover-letter-writing\/#breadcrumb","itemListElement":[{"@type":"ListItem","position":1,"name":"Home","item":"https:\/\/stg-absolute.jtxweb.net\/"},{"@type":"ListItem","position":2,"name":"Shop","item":"https:\/\/stg-absolute.jtxweb.net\/shop\/"},{"@type":"ListItem","position":3,"name":"Cover Letter Writing"}]},{"@type":"WebSite","@id":"https:\/\/stg-absolute.jtxweb.net\/#website","url":"https:\/\/stg-absolute.jtxweb.net\/","name":"Absolute Career Coaching","description":"Take your career to the next level!","potentialAction":[{"@type":"SearchAction","target":{"@type":"EntryPoint","urlTemplate":"https:\/\/stg-absolute.jtxweb.net\/?s={search_term_string}"},"query-input":{"@type":"PropertyValueSpecification","valueRequired":true,"valueName":"search_term_string"}}],"inLanguage":"es"}]}},"_links":{"self":[{"href":"https:\/\/stg-absolute.jtxweb.net\/es\/wp-json\/wp\/v2\/product\/119","targetHints":{"allow":["GET"]}}],"collection":[{"href":"https:\/\/stg-absolute.jtxweb.net\/es\/wp-json\/wp\/v2\/product"}],"about":[{"href":"https:\/\/stg-absolute.jtxweb.net\/es\/wp-json\/wp\/v2\/types\/product"}],"wp:featuredmedia":[{"embeddable":true,"href":"https:\/\/stg-absolute.jtxweb.net\/es\/wp-json\/wp\/v2\/media\/511"}],"wp:attachment":[{"href":"https:\/\/stg-absolute.jtxweb.net\/es\/wp-json\/wp\/v2\/media?parent=119"}],"wp:term":[{"taxonomy":"product_brand","embeddable":true,"href":"https:\/\/stg-absolute.jtxweb.net\/es\/wp-json\/wp\/v2\/product_brand?post=119"},{"taxonomy":"product_cat","embeddable":true,"href":"https:\/\/stg-absolute.jtxweb.net\/es\/wp-json\/wp\/v2\/product_cat?post=119"},{"taxonomy":"product_tag","embeddable":true,"href":"https:\/\/stg-absolute.jtxweb.net\/es\/wp-json\/wp\/v2\/product_tag?post=119"}],"curies":[{"name":"wp","href":"https:\/\/api.w.org\/{rel}","templated":true}]}}