{"id":120,"date":"2023-06-09T02:28:06","date_gmt":"2023-06-09T02:28:06","guid":{"rendered":"https:\/\/stg-absolute.jtxweb.net\/?post_type=product&#038;p=120"},"modified":"2026-02-18T16:09:22","modified_gmt":"2026-02-18T05:09:22","slug":"job-interview-coaching","status":"publish","type":"product","link":"https:\/\/stg-absolute.jtxweb.net\/es\/producto\/job-interview-coaching\/","title":{"rendered":"Practica para entrevista de trabajo"},"content":{"rendered":"","protected":false},"excerpt":{"rendered":"<p>Coaching de uno a uno para prepararte a entrevistas de trabajo, anticipar y elaborar posible preguntas de entrevista, dise\u00f1o de PowerPoint deck si te piden dar una presentaci\u00f3n durante la entrevista, y retroalimentaci\u00f3n sobre tu comunicaci\u00f3n, t\u00e9cnicas y estilo. Hasta 2 horas de reuniones presenciales si estas en Sydney o 2 reuniones de una hora cada una en l\u00ednea.<\/p>\n<p>* Tenga en cuenta que el impuesto GST solo se cobrar\u00e1 a las compras hechas en Australia.<\/p>","protected":false},"featured_media":127,"template":"","meta":[],"product_brand":[],"product_cat":[20],"product_tag":[],"class_list":{"0":"post-120","1":"product","2":"type-product","3":"status-publish","4":"has-post-thumbnail","6":"product_cat-career-coaching","8":"first","9":"instock","10":"taxable","11":"shipping-taxable","12":"purchasable","13":"product-type-simple"},"yoast_head":"<!-- This site is optimized with the Yoast SEO plugin v27.0 - https:\/\/yoast.com\/product\/yoast-seo-wordpress\/ -->\n<title>Job Interview Coaching - Absolute Career Coaching<\/title>\n<meta name=\"robots\" content=\"index, follow, max-snippet:-1, max-image-preview:large, max-video-preview:-1\" \/>\n<link rel=\"canonical\" href=\"https:\/\/stg-absolute.jtxweb.net\/es\/producto\/job-interview-coaching\/\" \/>\n<meta property=\"og:locale\" content=\"es_ES\" \/>\n<meta property=\"og:type\" content=\"article\" \/>\n<meta property=\"og:title\" content=\"Job Interview Coaching - Absolute Career Coaching\" \/>\n<meta property=\"og:description\" content=\"One-on-one coaching to prepare you for job interviews, anticipating and crafting interview questions, designing of PowerPoint deck if asked to present during the interview, and feedback on your communication, techniques, and style. Up to 2 hours of face-to-face if you\u2019re based in Sydney or 2 one-hour online meetings.  * Note that GST tax will only be charged to purchases from Australia.\" \/>\n<meta property=\"og:url\" content=\"https:\/\/stg-absolute.jtxweb.net\/es\/producto\/job-interview-coaching\/\" \/>\n<meta property=\"og:site_name\" content=\"Absolute Career Coaching\" \/>\n<meta property=\"article:modified_time\" content=\"2026-02-18T05:09:22+00:00\" \/>\n<meta property=\"og:image\" content=\"https:\/\/stg-absolute.jtxweb.net\/wp-content\/uploads\/2023\/06\/job-interview.jpg\" \/>\n\t<meta property=\"og:image:width\" content=\"1000\" \/>\n\t<meta property=\"og:image:height\" content=\"667\" \/>\n\t<meta property=\"og:image:type\" content=\"image\/jpeg\" \/>\n<meta name=\"twitter:card\" content=\"summary_large_image\" \/>\n<script type=\"application\/ld+json\" class=\"yoast-schema-graph\">{\"@context\":\"https:\/\/schema.org\",\"@graph\":[{\"@type\":\"WebPage\",\"@id\":\"https:\/\/stg-absolute.jtxweb.net\/product\/job-interview-coaching\/\",\"url\":\"https:\/\/stg-absolute.jtxweb.net\/product\/job-interview-coaching\/\",\"name\":\"Job Interview Coaching - Absolute Career Coaching\",\"isPartOf\":{\"@id\":\"https:\/\/stg-absolute.jtxweb.net\/#website\"},\"primaryImageOfPage\":{\"@id\":\"https:\/\/stg-absolute.jtxweb.net\/product\/job-interview-coaching\/#primaryimage\"},\"image\":{\"@id\":\"https:\/\/stg-absolute.jtxweb.net\/product\/job-interview-coaching\/#primaryimage\"},\"thumbnailUrl\":\"https:\/\/stg-absolute.jtxweb.net\/wp-content\/uploads\/2023\/06\/job-interview.jpg\",\"datePublished\":\"2023-06-09T02:28:06+00:00\",\"dateModified\":\"2026-02-18T05:09:22+00:00\",\"breadcrumb\":{\"@id\":\"https:\/\/stg-absolute.jtxweb.net\/product\/job-interview-coaching\/#breadcrumb\"},\"inLanguage\":\"es\",\"potentialAction\":[{\"@type\":\"ReadAction\",\"target\":[\"https:\/\/stg-absolute.jtxweb.net\/product\/job-interview-coaching\/\"]}]},{\"@type\":\"ImageObject\",\"inLanguage\":\"es\",\"@id\":\"https:\/\/stg-absolute.jtxweb.net\/product\/job-interview-coaching\/#primaryimage\",\"url\":\"https:\/\/stg-absolute.jtxweb.net\/wp-content\/uploads\/2023\/06\/job-interview.jpg\",\"contentUrl\":\"https:\/\/stg-absolute.jtxweb.net\/wp-content\/uploads\/2023\/06\/job-interview.jpg\",\"width\":1000,\"height\":667},{\"@type\":\"BreadcrumbList\",\"@id\":\"https:\/\/stg-absolute.jtxweb.net\/product\/job-interview-coaching\/#breadcrumb\",\"itemListElement\":[{\"@type\":\"ListItem\",\"position\":1,\"name\":\"Home\",\"item\":\"https:\/\/stg-absolute.jtxweb.net\/\"},{\"@type\":\"ListItem\",\"position\":2,\"name\":\"Shop\",\"item\":\"https:\/\/stg-absolute.jtxweb.net\/shop\/\"},{\"@type\":\"ListItem\",\"position\":3,\"name\":\"Job Interview Coaching\"}]},{\"@type\":\"WebSite\",\"@id\":\"https:\/\/stg-absolute.jtxweb.net\/#website\",\"url\":\"https:\/\/stg-absolute.jtxweb.net\/\",\"name\":\"Absolute Career Coaching\",\"description\":\"Take your career to the next level!\",\"potentialAction\":[{\"@type\":\"SearchAction\",\"target\":{\"@type\":\"EntryPoint\",\"urlTemplate\":\"https:\/\/stg-absolute.jtxweb.net\/?s={search_term_string}\"},\"query-input\":{\"@type\":\"PropertyValueSpecification\",\"valueRequired\":true,\"valueName\":\"search_term_string\"}}],\"inLanguage\":\"es\"}]}<\/script>\n<!-- \/ Yoast SEO plugin. -->","yoast_head_json":{"title":"Job Interview Coaching - Absolute Career Coaching","robots":{"index":"index","follow":"follow","max-snippet":"max-snippet:-1","max-image-preview":"max-image-preview:large","max-video-preview":"max-video-preview:-1"},"canonical":"https:\/\/stg-absolute.jtxweb.net\/es\/producto\/job-interview-coaching\/","og_locale":"es_ES","og_type":"article","og_title":"Job Interview Coaching - Absolute Career Coaching","og_description":"One-on-one coaching to prepare you for job interviews, anticipating and crafting interview questions, designing of PowerPoint deck if asked to present during the interview, and feedback on your communication, techniques, and style. Up to 2 hours of face-to-face if you\u2019re based in Sydney or 2 one-hour online meetings.  * Note that GST tax will only be charged to purchases from Australia.","og_url":"https:\/\/stg-absolute.jtxweb.net\/es\/producto\/job-interview-coaching\/","og_site_name":"Absolute Career Coaching","article_modified_time":"2026-02-18T05:09:22+00:00","og_image":[{"width":1000,"height":667,"url":"https:\/\/stg-absolute.jtxweb.net\/wp-content\/uploads\/2023\/06\/job-interview.jpg","type":"image\/jpeg"}],"twitter_card":"summary_large_image","schema":{"@context":"https:\/\/schema.org","@graph":[{"@type":"WebPage","@id":"https:\/\/stg-absolute.jtxweb.net\/product\/job-interview-coaching\/","url":"https:\/\/stg-absolute.jtxweb.net\/product\/job-interview-coaching\/","name":"Job Interview Coaching - Absolute Career Coaching","isPartOf":{"@id":"https:\/\/stg-absolute.jtxweb.net\/#website"},"primaryImageOfPage":{"@id":"https:\/\/stg-absolute.jtxweb.net\/product\/job-interview-coaching\/#primaryimage"},"image":{"@id":"https:\/\/stg-absolute.jtxweb.net\/product\/job-interview-coaching\/#primaryimage"},"thumbnailUrl":"https:\/\/stg-absolute.jtxweb.net\/wp-content\/uploads\/2023\/06\/job-interview.jpg","datePublished":"2023-06-09T02:28:06+00:00","dateModified":"2026-02-18T05:09:22+00:00","breadcrumb":{"@id":"https:\/\/stg-absolute.jtxweb.net\/product\/job-interview-coaching\/#breadcrumb"},"inLanguage":"es","potentialAction":[{"@type":"ReadAction","target":["https:\/\/stg-absolute.jtxweb.net\/product\/job-interview-coaching\/"]}]},{"@type":"ImageObject","inLanguage":"es","@id":"https:\/\/stg-absolute.jtxweb.net\/product\/job-interview-coaching\/#primaryimage","url":"https:\/\/stg-absolute.jtxweb.net\/wp-content\/uploads\/2023\/06\/job-interview.jpg","contentUrl":"https:\/\/stg-absolute.jtxweb.net\/wp-content\/uploads\/2023\/06\/job-interview.jpg","width":1000,"height":667},{"@type":"BreadcrumbList","@id":"https:\/\/stg-absolute.jtxweb.net\/product\/job-interview-coaching\/#breadcrumb","itemListElement":[{"@type":"ListItem","position":1,"name":"Home","item":"https:\/\/stg-absolute.jtxweb.net\/"},{"@type":"ListItem","position":2,"name":"Shop","item":"https:\/\/stg-absolute.jtxweb.net\/shop\/"},{"@type":"ListItem","position":3,"name":"Job Interview Coaching"}]},{"@type":"WebSite","@id":"https:\/\/stg-absolute.jtxweb.net\/#website","url":"https:\/\/stg-absolute.jtxweb.net\/","name":"Absolute Career Coaching","description":"Take your career to the next level!","potentialAction":[{"@type":"SearchAction","target":{"@type":"EntryPoint","urlTemplate":"https:\/\/stg-absolute.jtxweb.net\/?s={search_term_string}"},"query-input":{"@type":"PropertyValueSpecification","valueRequired":true,"valueName":"search_term_string"}}],"inLanguage":"es"}]}},"_links":{"self":[{"href":"https:\/\/stg-absolute.jtxweb.net\/es\/wp-json\/wp\/v2\/product\/120","targetHints":{"allow":["GET"]}}],"collection":[{"href":"https:\/\/stg-absolute.jtxweb.net\/es\/wp-json\/wp\/v2\/product"}],"about":[{"href":"https:\/\/stg-absolute.jtxweb.net\/es\/wp-json\/wp\/v2\/types\/product"}],"wp:featuredmedia":[{"embeddable":true,"href":"https:\/\/stg-absolute.jtxweb.net\/es\/wp-json\/wp\/v2\/media\/127"}],"wp:attachment":[{"href":"https:\/\/stg-absolute.jtxweb.net\/es\/wp-json\/wp\/v2\/media?parent=120"}],"wp:term":[{"taxonomy":"product_brand","embeddable":true,"href":"https:\/\/stg-absolute.jtxweb.net\/es\/wp-json\/wp\/v2\/product_brand?post=120"},{"taxonomy":"product_cat","embeddable":true,"href":"https:\/\/stg-absolute.jtxweb.net\/es\/wp-json\/wp\/v2\/product_cat?post=120"},{"taxonomy":"product_tag","embeddable":true,"href":"https:\/\/stg-absolute.jtxweb.net\/es\/wp-json\/wp\/v2\/product_tag?post=120"}],"curies":[{"name":"wp","href":"https:\/\/api.w.org\/{rel}","templated":true}]}}