{"id":121,"date":"2023-06-09T02:28:07","date_gmt":"2023-06-09T02:28:07","guid":{"rendered":"https:\/\/stg-absolute.jtxweb.net\/?post_type=product&#038;p=121"},"modified":"2026-02-18T16:09:22","modified_gmt":"2026-02-18T05:09:22","slug":"job-search-strategy","status":"publish","type":"product","link":"https:\/\/stg-absolute.jtxweb.net\/es\/producto\/job-search-strategy\/","title":{"rendered":"Estrategia de b\u00fasqueda de empleo"},"content":{"rendered":"","protected":false},"excerpt":{"rendered":"<p>El Desarrollo de una estrategia de b\u00fasqueda de empleo personalizada, que incluya referencias en red tanto en eventos de habla hispana como en ingl\u00e9s; acceso a relevantes plataformas de trabajo; referencias a asociaciones profesionales y t\u00e9cnicas en Australia y oportunidades de voluntariado en tu campo para adquirir experiencia local.<\/p>\n<p>* Tenga en cuenta que el impuesto GST solo se cobrar\u00e1 a las compras hechas en Australia.<\/p>","protected":false},"featured_media":847,"template":"","meta":[],"product_brand":[],"product_cat":[20],"product_tag":[],"class_list":{"0":"post-121","1":"product","2":"type-product","3":"status-publish","4":"has-post-thumbnail","6":"product_cat-career-coaching","8":"first","9":"instock","10":"taxable","11":"shipping-taxable","12":"purchasable","13":"product-type-simple"},"yoast_head":"<!-- This site is optimized with the Yoast SEO plugin v27.0 - https:\/\/yoast.com\/product\/yoast-seo-wordpress\/ -->\n<title>Job Search Strategy - Absolute Career Coaching<\/title>\n<meta name=\"robots\" content=\"index, follow, max-snippet:-1, max-image-preview:large, max-video-preview:-1\" \/>\n<link rel=\"canonical\" href=\"https:\/\/stg-absolute.jtxweb.net\/es\/producto\/job-search-strategy\/\" \/>\n<meta property=\"og:locale\" content=\"es_ES\" \/>\n<meta property=\"og:type\" content=\"article\" \/>\n<meta property=\"og:title\" content=\"Job Search Strategy - Absolute Career Coaching\" \/>\n<meta property=\"og:description\" content=\"The development of a customized job search strategy, including referrals networking both in Spanish and English-speaking events; access to relevant job boards; referrals to professional and technical associations in Australia and volunteering opportunities in your field to gain local experience.  * Note that GST tax will only be charged to purchases from Australia.\" \/>\n<meta property=\"og:url\" content=\"https:\/\/stg-absolute.jtxweb.net\/es\/producto\/job-search-strategy\/\" \/>\n<meta property=\"og:site_name\" content=\"Absolute Career Coaching\" \/>\n<meta property=\"article:modified_time\" content=\"2026-02-18T05:09:22+00:00\" \/>\n<meta property=\"og:image\" content=\"https:\/\/stg-absolute.jtxweb.net\/wp-content\/uploads\/2023\/06\/strategy.jpg\" \/>\n\t<meta property=\"og:image:width\" content=\"1000\" \/>\n\t<meta property=\"og:image:height\" content=\"667\" \/>\n\t<meta property=\"og:image:type\" content=\"image\/jpeg\" \/>\n<meta name=\"twitter:card\" content=\"summary_large_image\" \/>\n<script type=\"application\/ld+json\" class=\"yoast-schema-graph\">{\"@context\":\"https:\/\/schema.org\",\"@graph\":[{\"@type\":\"WebPage\",\"@id\":\"https:\/\/stg-absolute.jtxweb.net\/product\/job-search-strategy\/\",\"url\":\"https:\/\/stg-absolute.jtxweb.net\/product\/job-search-strategy\/\",\"name\":\"Job Search Strategy - Absolute Career Coaching\",\"isPartOf\":{\"@id\":\"https:\/\/stg-absolute.jtxweb.net\/#website\"},\"primaryImageOfPage\":{\"@id\":\"https:\/\/stg-absolute.jtxweb.net\/product\/job-search-strategy\/#primaryimage\"},\"image\":{\"@id\":\"https:\/\/stg-absolute.jtxweb.net\/product\/job-search-strategy\/#primaryimage\"},\"thumbnailUrl\":\"https:\/\/stg-absolute.jtxweb.net\/wp-content\/uploads\/2023\/06\/strategy.jpg\",\"datePublished\":\"2023-06-09T02:28:07+00:00\",\"dateModified\":\"2026-02-18T05:09:22+00:00\",\"breadcrumb\":{\"@id\":\"https:\/\/stg-absolute.jtxweb.net\/product\/job-search-strategy\/#breadcrumb\"},\"inLanguage\":\"es\",\"potentialAction\":[{\"@type\":\"ReadAction\",\"target\":[\"https:\/\/stg-absolute.jtxweb.net\/product\/job-search-strategy\/\"]}]},{\"@type\":\"ImageObject\",\"inLanguage\":\"es\",\"@id\":\"https:\/\/stg-absolute.jtxweb.net\/product\/job-search-strategy\/#primaryimage\",\"url\":\"https:\/\/stg-absolute.jtxweb.net\/wp-content\/uploads\/2023\/06\/strategy.jpg\",\"contentUrl\":\"https:\/\/stg-absolute.jtxweb.net\/wp-content\/uploads\/2023\/06\/strategy.jpg\",\"width\":1000,\"height\":667},{\"@type\":\"BreadcrumbList\",\"@id\":\"https:\/\/stg-absolute.jtxweb.net\/product\/job-search-strategy\/#breadcrumb\",\"itemListElement\":[{\"@type\":\"ListItem\",\"position\":1,\"name\":\"Home\",\"item\":\"https:\/\/stg-absolute.jtxweb.net\/\"},{\"@type\":\"ListItem\",\"position\":2,\"name\":\"Shop\",\"item\":\"https:\/\/stg-absolute.jtxweb.net\/shop\/\"},{\"@type\":\"ListItem\",\"position\":3,\"name\":\"Job Search Strategy\"}]},{\"@type\":\"WebSite\",\"@id\":\"https:\/\/stg-absolute.jtxweb.net\/#website\",\"url\":\"https:\/\/stg-absolute.jtxweb.net\/\",\"name\":\"Absolute Career Coaching\",\"description\":\"Take your career to the next level!\",\"potentialAction\":[{\"@type\":\"SearchAction\",\"target\":{\"@type\":\"EntryPoint\",\"urlTemplate\":\"https:\/\/stg-absolute.jtxweb.net\/?s={search_term_string}\"},\"query-input\":{\"@type\":\"PropertyValueSpecification\",\"valueRequired\":true,\"valueName\":\"search_term_string\"}}],\"inLanguage\":\"es\"}]}<\/script>\n<!-- \/ Yoast SEO plugin. -->","yoast_head_json":{"title":"Job Search Strategy - Absolute Career Coaching","robots":{"index":"index","follow":"follow","max-snippet":"max-snippet:-1","max-image-preview":"max-image-preview:large","max-video-preview":"max-video-preview:-1"},"canonical":"https:\/\/stg-absolute.jtxweb.net\/es\/producto\/job-search-strategy\/","og_locale":"es_ES","og_type":"article","og_title":"Job Search Strategy - Absolute Career Coaching","og_description":"The development of a customized job search strategy, including referrals networking both in Spanish and English-speaking events; access to relevant job boards; referrals to professional and technical associations in Australia and volunteering opportunities in your field to gain local experience.  * Note that GST tax will only be charged to purchases from Australia.","og_url":"https:\/\/stg-absolute.jtxweb.net\/es\/producto\/job-search-strategy\/","og_site_name":"Absolute Career Coaching","article_modified_time":"2026-02-18T05:09:22+00:00","og_image":[{"width":1000,"height":667,"url":"https:\/\/stg-absolute.jtxweb.net\/wp-content\/uploads\/2023\/06\/strategy.jpg","type":"image\/jpeg"}],"twitter_card":"summary_large_image","schema":{"@context":"https:\/\/schema.org","@graph":[{"@type":"WebPage","@id":"https:\/\/stg-absolute.jtxweb.net\/product\/job-search-strategy\/","url":"https:\/\/stg-absolute.jtxweb.net\/product\/job-search-strategy\/","name":"Job Search Strategy - Absolute Career Coaching","isPartOf":{"@id":"https:\/\/stg-absolute.jtxweb.net\/#website"},"primaryImageOfPage":{"@id":"https:\/\/stg-absolute.jtxweb.net\/product\/job-search-strategy\/#primaryimage"},"image":{"@id":"https:\/\/stg-absolute.jtxweb.net\/product\/job-search-strategy\/#primaryimage"},"thumbnailUrl":"https:\/\/stg-absolute.jtxweb.net\/wp-content\/uploads\/2023\/06\/strategy.jpg","datePublished":"2023-06-09T02:28:07+00:00","dateModified":"2026-02-18T05:09:22+00:00","breadcrumb":{"@id":"https:\/\/stg-absolute.jtxweb.net\/product\/job-search-strategy\/#breadcrumb"},"inLanguage":"es","potentialAction":[{"@type":"ReadAction","target":["https:\/\/stg-absolute.jtxweb.net\/product\/job-search-strategy\/"]}]},{"@type":"ImageObject","inLanguage":"es","@id":"https:\/\/stg-absolute.jtxweb.net\/product\/job-search-strategy\/#primaryimage","url":"https:\/\/stg-absolute.jtxweb.net\/wp-content\/uploads\/2023\/06\/strategy.jpg","contentUrl":"https:\/\/stg-absolute.jtxweb.net\/wp-content\/uploads\/2023\/06\/strategy.jpg","width":1000,"height":667},{"@type":"BreadcrumbList","@id":"https:\/\/stg-absolute.jtxweb.net\/product\/job-search-strategy\/#breadcrumb","itemListElement":[{"@type":"ListItem","position":1,"name":"Home","item":"https:\/\/stg-absolute.jtxweb.net\/"},{"@type":"ListItem","position":2,"name":"Shop","item":"https:\/\/stg-absolute.jtxweb.net\/shop\/"},{"@type":"ListItem","position":3,"name":"Job Search Strategy"}]},{"@type":"WebSite","@id":"https:\/\/stg-absolute.jtxweb.net\/#website","url":"https:\/\/stg-absolute.jtxweb.net\/","name":"Absolute Career Coaching","description":"Take your career to the next level!","potentialAction":[{"@type":"SearchAction","target":{"@type":"EntryPoint","urlTemplate":"https:\/\/stg-absolute.jtxweb.net\/?s={search_term_string}"},"query-input":{"@type":"PropertyValueSpecification","valueRequired":true,"valueName":"search_term_string"}}],"inLanguage":"es"}]}},"_links":{"self":[{"href":"https:\/\/stg-absolute.jtxweb.net\/es\/wp-json\/wp\/v2\/product\/121","targetHints":{"allow":["GET"]}}],"collection":[{"href":"https:\/\/stg-absolute.jtxweb.net\/es\/wp-json\/wp\/v2\/product"}],"about":[{"href":"https:\/\/stg-absolute.jtxweb.net\/es\/wp-json\/wp\/v2\/types\/product"}],"wp:featuredmedia":[{"embeddable":true,"href":"https:\/\/stg-absolute.jtxweb.net\/es\/wp-json\/wp\/v2\/media\/847"}],"wp:attachment":[{"href":"https:\/\/stg-absolute.jtxweb.net\/es\/wp-json\/wp\/v2\/media?parent=121"}],"wp:term":[{"taxonomy":"product_brand","embeddable":true,"href":"https:\/\/stg-absolute.jtxweb.net\/es\/wp-json\/wp\/v2\/product_brand?post=121"},{"taxonomy":"product_cat","embeddable":true,"href":"https:\/\/stg-absolute.jtxweb.net\/es\/wp-json\/wp\/v2\/product_cat?post=121"},{"taxonomy":"product_tag","embeddable":true,"href":"https:\/\/stg-absolute.jtxweb.net\/es\/wp-json\/wp\/v2\/product_tag?post=121"}],"curies":[{"name":"wp","href":"https:\/\/api.w.org\/{rel}","templated":true}]}}