{"id":123,"date":"2023-06-09T02:28:08","date_gmt":"2023-06-09T02:28:08","guid":{"rendered":"https:\/\/stg-absolute.jtxweb.net\/?post_type=product&#038;p=123"},"modified":"2026-02-18T16:09:22","modified_gmt":"2026-02-18T05:09:22","slug":"career-transition-coaching","status":"publish","type":"product","link":"https:\/\/stg-absolute.jtxweb.net\/es\/producto\/career-transition-coaching\/","title":{"rendered":"Coaching de Transici\u00f3n de Carrera"},"content":{"rendered":"","protected":false},"excerpt":{"rendered":"<p>Coaching y apoyo para clientes que buscan hacer un cambio de carrera, incluyendo la evaluaci\u00f3n de habilidades transferibles, y el desarrollo de un plan que asegure que tus valores est\u00e1n alineados con tu futura ocupaci\u00f3n. Cubre de manera integral una vista detallada de lo que quieres lograr, d\u00f3nde quieres llegar y una gu\u00eda paso a paso de c\u00f3mo llegar hasta all\u00e1.<\/p>\n<p>* Tenga en cuenta que el impuesto GST solo se cobrar\u00e1 a las compras hechas en Australia.<\/p>","protected":false},"featured_media":130,"template":"","meta":[],"product_brand":[],"product_cat":[20],"product_tag":[],"class_list":{"0":"post-123","1":"product","2":"type-product","3":"status-publish","4":"has-post-thumbnail","6":"product_cat-career-coaching","8":"first","9":"instock","10":"taxable","11":"shipping-taxable","12":"purchasable","13":"product-type-simple"},"yoast_head":"<!-- This site is optimized with the Yoast SEO plugin v27.0 - https:\/\/yoast.com\/product\/yoast-seo-wordpress\/ -->\n<title>Career Transition Coaching - Absolute Career Coaching<\/title>\n<meta name=\"robots\" content=\"index, follow, max-snippet:-1, max-image-preview:large, max-video-preview:-1\" \/>\n<link rel=\"canonical\" href=\"https:\/\/stg-absolute.jtxweb.net\/es\/producto\/career-transition-coaching\/\" \/>\n<meta property=\"og:locale\" content=\"es_ES\" \/>\n<meta property=\"og:type\" content=\"article\" \/>\n<meta property=\"og:title\" content=\"Career Transition Coaching - Absolute Career Coaching\" \/>\n<meta property=\"og:description\" content=\"Coaching and support for clients looking to make a career change, including assessing transferable skills, and developing a plan ensuring that your values are aligned with your future occupation. It comprehensively covers a detailed view of what you want to accomplish, where you want to go, and step-by-step guidance on how to get there.  * Note that GST tax will only be charged to purchases from Australia.\" \/>\n<meta property=\"og:url\" content=\"https:\/\/stg-absolute.jtxweb.net\/es\/producto\/career-transition-coaching\/\" \/>\n<meta property=\"og:site_name\" content=\"Absolute Career Coaching\" \/>\n<meta property=\"article:modified_time\" content=\"2026-02-18T05:09:22+00:00\" \/>\n<meta property=\"og:image\" content=\"https:\/\/stg-absolute.jtxweb.net\/wp-content\/uploads\/2023\/06\/CelebratingSuccessesLA.jpeg\" \/>\n\t<meta property=\"og:image:width\" content=\"600\" \/>\n\t<meta property=\"og:image:height\" content=\"400\" \/>\n\t<meta property=\"og:image:type\" content=\"image\/jpeg\" \/>\n<meta name=\"twitter:card\" content=\"summary_large_image\" \/>\n<meta name=\"twitter:label1\" content=\"Tiempo de lectura\" \/>\n\t<meta name=\"twitter:data1\" content=\"1 minuto\" \/>\n<script type=\"application\/ld+json\" class=\"yoast-schema-graph\">{\"@context\":\"https:\/\/schema.org\",\"@graph\":[{\"@type\":\"WebPage\",\"@id\":\"https:\/\/stg-absolute.jtxweb.net\/product\/career-transition-coaching\/\",\"url\":\"https:\/\/stg-absolute.jtxweb.net\/product\/career-transition-coaching\/\",\"name\":\"Career Transition Coaching - Absolute Career Coaching\",\"isPartOf\":{\"@id\":\"https:\/\/stg-absolute.jtxweb.net\/#website\"},\"primaryImageOfPage\":{\"@id\":\"https:\/\/stg-absolute.jtxweb.net\/product\/career-transition-coaching\/#primaryimage\"},\"image\":{\"@id\":\"https:\/\/stg-absolute.jtxweb.net\/product\/career-transition-coaching\/#primaryimage\"},\"thumbnailUrl\":\"https:\/\/stg-absolute.jtxweb.net\/wp-content\/uploads\/2023\/06\/CelebratingSuccessesLA.jpeg\",\"datePublished\":\"2023-06-09T02:28:08+00:00\",\"dateModified\":\"2026-02-18T05:09:22+00:00\",\"breadcrumb\":{\"@id\":\"https:\/\/stg-absolute.jtxweb.net\/product\/career-transition-coaching\/#breadcrumb\"},\"inLanguage\":\"es\",\"potentialAction\":[{\"@type\":\"ReadAction\",\"target\":[\"https:\/\/stg-absolute.jtxweb.net\/product\/career-transition-coaching\/\"]}]},{\"@type\":\"ImageObject\",\"inLanguage\":\"es\",\"@id\":\"https:\/\/stg-absolute.jtxweb.net\/product\/career-transition-coaching\/#primaryimage\",\"url\":\"https:\/\/stg-absolute.jtxweb.net\/wp-content\/uploads\/2023\/06\/CelebratingSuccessesLA.jpeg\",\"contentUrl\":\"https:\/\/stg-absolute.jtxweb.net\/wp-content\/uploads\/2023\/06\/CelebratingSuccessesLA.jpeg\",\"width\":600,\"height\":400},{\"@type\":\"BreadcrumbList\",\"@id\":\"https:\/\/stg-absolute.jtxweb.net\/product\/career-transition-coaching\/#breadcrumb\",\"itemListElement\":[{\"@type\":\"ListItem\",\"position\":1,\"name\":\"Home\",\"item\":\"https:\/\/stg-absolute.jtxweb.net\/\"},{\"@type\":\"ListItem\",\"position\":2,\"name\":\"Shop\",\"item\":\"https:\/\/stg-absolute.jtxweb.net\/shop\/\"},{\"@type\":\"ListItem\",\"position\":3,\"name\":\"Career Transition Coaching\"}]},{\"@type\":\"WebSite\",\"@id\":\"https:\/\/stg-absolute.jtxweb.net\/#website\",\"url\":\"https:\/\/stg-absolute.jtxweb.net\/\",\"name\":\"Absolute Career Coaching\",\"description\":\"Take your career to the next level!\",\"potentialAction\":[{\"@type\":\"SearchAction\",\"target\":{\"@type\":\"EntryPoint\",\"urlTemplate\":\"https:\/\/stg-absolute.jtxweb.net\/?s={search_term_string}\"},\"query-input\":{\"@type\":\"PropertyValueSpecification\",\"valueRequired\":true,\"valueName\":\"search_term_string\"}}],\"inLanguage\":\"es\"}]}<\/script>\n<!-- \/ Yoast SEO plugin. -->","yoast_head_json":{"title":"Career Transition Coaching - Absolute Career Coaching","robots":{"index":"index","follow":"follow","max-snippet":"max-snippet:-1","max-image-preview":"max-image-preview:large","max-video-preview":"max-video-preview:-1"},"canonical":"https:\/\/stg-absolute.jtxweb.net\/es\/producto\/career-transition-coaching\/","og_locale":"es_ES","og_type":"article","og_title":"Career Transition Coaching - Absolute Career Coaching","og_description":"Coaching and support for clients looking to make a career change, including assessing transferable skills, and developing a plan ensuring that your values are aligned with your future occupation. It comprehensively covers a detailed view of what you want to accomplish, where you want to go, and step-by-step guidance on how to get there.  * Note that GST tax will only be charged to purchases from Australia.","og_url":"https:\/\/stg-absolute.jtxweb.net\/es\/producto\/career-transition-coaching\/","og_site_name":"Absolute Career Coaching","article_modified_time":"2026-02-18T05:09:22+00:00","og_image":[{"width":600,"height":400,"url":"https:\/\/stg-absolute.jtxweb.net\/wp-content\/uploads\/2023\/06\/CelebratingSuccessesLA.jpeg","type":"image\/jpeg"}],"twitter_card":"summary_large_image","twitter_misc":{"Tiempo de lectura":"1 minuto"},"schema":{"@context":"https:\/\/schema.org","@graph":[{"@type":"WebPage","@id":"https:\/\/stg-absolute.jtxweb.net\/product\/career-transition-coaching\/","url":"https:\/\/stg-absolute.jtxweb.net\/product\/career-transition-coaching\/","name":"Career Transition Coaching - Absolute Career Coaching","isPartOf":{"@id":"https:\/\/stg-absolute.jtxweb.net\/#website"},"primaryImageOfPage":{"@id":"https:\/\/stg-absolute.jtxweb.net\/product\/career-transition-coaching\/#primaryimage"},"image":{"@id":"https:\/\/stg-absolute.jtxweb.net\/product\/career-transition-coaching\/#primaryimage"},"thumbnailUrl":"https:\/\/stg-absolute.jtxweb.net\/wp-content\/uploads\/2023\/06\/CelebratingSuccessesLA.jpeg","datePublished":"2023-06-09T02:28:08+00:00","dateModified":"2026-02-18T05:09:22+00:00","breadcrumb":{"@id":"https:\/\/stg-absolute.jtxweb.net\/product\/career-transition-coaching\/#breadcrumb"},"inLanguage":"es","potentialAction":[{"@type":"ReadAction","target":["https:\/\/stg-absolute.jtxweb.net\/product\/career-transition-coaching\/"]}]},{"@type":"ImageObject","inLanguage":"es","@id":"https:\/\/stg-absolute.jtxweb.net\/product\/career-transition-coaching\/#primaryimage","url":"https:\/\/stg-absolute.jtxweb.net\/wp-content\/uploads\/2023\/06\/CelebratingSuccessesLA.jpeg","contentUrl":"https:\/\/stg-absolute.jtxweb.net\/wp-content\/uploads\/2023\/06\/CelebratingSuccessesLA.jpeg","width":600,"height":400},{"@type":"BreadcrumbList","@id":"https:\/\/stg-absolute.jtxweb.net\/product\/career-transition-coaching\/#breadcrumb","itemListElement":[{"@type":"ListItem","position":1,"name":"Home","item":"https:\/\/stg-absolute.jtxweb.net\/"},{"@type":"ListItem","position":2,"name":"Shop","item":"https:\/\/stg-absolute.jtxweb.net\/shop\/"},{"@type":"ListItem","position":3,"name":"Career Transition Coaching"}]},{"@type":"WebSite","@id":"https:\/\/stg-absolute.jtxweb.net\/#website","url":"https:\/\/stg-absolute.jtxweb.net\/","name":"Absolute Career Coaching","description":"Take your career to the next level!","potentialAction":[{"@type":"SearchAction","target":{"@type":"EntryPoint","urlTemplate":"https:\/\/stg-absolute.jtxweb.net\/?s={search_term_string}"},"query-input":{"@type":"PropertyValueSpecification","valueRequired":true,"valueName":"search_term_string"}}],"inLanguage":"es"}]}},"_links":{"self":[{"href":"https:\/\/stg-absolute.jtxweb.net\/es\/wp-json\/wp\/v2\/product\/123","targetHints":{"allow":["GET"]}}],"collection":[{"href":"https:\/\/stg-absolute.jtxweb.net\/es\/wp-json\/wp\/v2\/product"}],"about":[{"href":"https:\/\/stg-absolute.jtxweb.net\/es\/wp-json\/wp\/v2\/types\/product"}],"wp:featuredmedia":[{"embeddable":true,"href":"https:\/\/stg-absolute.jtxweb.net\/es\/wp-json\/wp\/v2\/media\/130"}],"wp:attachment":[{"href":"https:\/\/stg-absolute.jtxweb.net\/es\/wp-json\/wp\/v2\/media?parent=123"}],"wp:term":[{"taxonomy":"product_brand","embeddable":true,"href":"https:\/\/stg-absolute.jtxweb.net\/es\/wp-json\/wp\/v2\/product_brand?post=123"},{"taxonomy":"product_cat","embeddable":true,"href":"https:\/\/stg-absolute.jtxweb.net\/es\/wp-json\/wp\/v2\/product_cat?post=123"},{"taxonomy":"product_tag","embeddable":true,"href":"https:\/\/stg-absolute.jtxweb.net\/es\/wp-json\/wp\/v2\/product_tag?post=123"}],"curies":[{"name":"wp","href":"https:\/\/api.w.org\/{rel}","templated":true}]}}